{"id":72,"date":"2020-10-03T11:17:05","date_gmt":"2020-10-03T09:17:05","guid":{"rendered":"https:\/\/clemencearesu.com\/photographie\/?page_id=72"},"modified":"2020-12-14T17:34:15","modified_gmt":"2020-12-14T16:34:15","slug":"tableaux","status":"publish","type":"page","link":"https:\/\/clemencearesu.com\/photographie\/tableaux\/","title":{"rendered":"Tableaux"},"content":{"rendered":"<div  class=\"tatsu-ergsBv8ft tatsu-section  tatsu-bg-overlay   tatsu-clearfix\" data-title=\"\"  data-headerscheme=\"background--dark\"><div class='tatsu-section-pad clearfix' data-padding='{\"d\":\"28% 0px 3% 0px\"}' data-padding-top='28%'><div class=\"tatsu-row-wrap  tatsu-wrap tatsu-row-one-col tatsu-row-has-one-cols tatsu-medium-gutter tatsu-reg-cols  tatsu-clearfix tatsu-97qaNX1fPf\" ><div  class=\"tatsu-row \" ><div  class=\"tatsu-column  tatsu-bg-overlay tatsu-one-col tatsu-column-align-middle tatsu-column-image-none tatsu-column-effect-none  tatsu-M8b3kff0zO\"  data-parallax-speed=\"0\" style=\"\"><div class=\"tatsu-column-inner \" ><div class=\"tatsu-column-pad-wrap\"><div class=\"tatsu-column-pad\" ><div  class=\"tatsu-module tatsu-text-block-wrap tatsu-q2YhJq_MF_  \"><div class=\"tatsu-text-inner tatsu-align-center  clearfix\" ><style>.tatsu-q2YhJq_MF_.tatsu-text-block-wrap .tatsu-text-inner{width: 100%;text-align: center;color: rgba(255,255,255,1) ;}.tatsu-q2YhJq_MF_.tatsu-text-block-wrap{margin: 0px 0px 15px 0px;}.tatsu-q2YhJq_MF_ .tatsu-text-inner *{color: rgba(255,255,255,1) ;}<\/style>\n<h1>TABLEAUX ET IMPRESSIONS<\/h1>\n<\/div><\/div><\/div><\/div><div class = \"tatsu-column-bg-image-wrap\"><div class = \"tatsu-column-bg-image\" ><\/div><\/div><div class=\"tatsu-overlay tatsu-column-overlay tatsu-animate-none\" ><\/div><\/div><style>.tatsu-row > .tatsu-M8b3kff0zO.tatsu-column{width: 100%;}.tatsu-M8b3kff0zO.tatsu-column > .tatsu-column-inner > .tatsu-column-overlay{mix-blend-mode: normal;}.tatsu-M8b3kff0zO > .tatsu-column-inner > .tatsu-top-divider{z-index: 9999;}.tatsu-M8b3kff0zO > .tatsu-column-inner > .tatsu-bottom-divider{z-index: 9999;}.tatsu-M8b3kff0zO > .tatsu-column-inner > .tatsu-left-divider{z-index: 9999;}.tatsu-M8b3kff0zO > .tatsu-column-inner > .tatsu-right-divider{z-index: 9999;}@media only screen and (max-width:1377px) {.tatsu-row > .tatsu-M8b3kff0zO.tatsu-column{width: 100%;}}@media only screen and (min-width:768px) and (max-width: 1024px) {.tatsu-row > .tatsu-M8b3kff0zO.tatsu-column{width: 100%;}}@media only screen and (max-width: 767px) {.tatsu-row > .tatsu-M8b3kff0zO.tatsu-column{width: 100%;}}<\/style><\/div><\/div><\/div><\/div><div class=\"tatsu-section-background-wrap\"><div class = \"tatsu-section-background\" ><\/div><\/div><div class=\"tatsu-overlay tatsu-section-overlay\"><\/div><style>.tatsu-ergsBv8ft .tatsu-section-background{background-image: url(https:\/\/clemencearesu.com\/photographie\/wp-content\/uploads\/2020\/10\/tableau-photo-1.jpg);background-repeat: no-repeat;background-attachment: scroll;background-position: bottom center;background-size: cover;}.tatsu-ergsBv8ft .tatsu-bg-blur{background-repeat: no-repeat;background-attachment: scroll;background-position: bottom center;background-size: cover;}.tatsu-ergsBv8ft .tatsu-section-pad{padding: 28% 0px 3% 0px;}.tatsu-ergsBv8ft .tatsu-section-offset-wrap{transform: translateY(-0px);}.tatsu-ergsBv8ft > .tatsu-bottom-divider{z-index: 9999;}.tatsu-ergsBv8ft > .tatsu-top-divider{z-index: 9999;}.tatsu-ergsBv8ft .tatsu-section-overlay{mix-blend-mode: normal;}<\/style><\/div><div  class=\"tatsu-Dro4iPDMCc tatsu-section  tatsu-bg-overlay   tatsu-clearfix\" data-title=\"\"  data-headerscheme=\"background--dark\"><div class='tatsu-section-pad clearfix' data-padding='{\"d\":\"55px 0px 46px 0px\"}' data-padding-top='55px'><div class=\"tatsu-row-wrap  tatsu-wrap tatsu-row-one-col tatsu-row-has-one-cols tatsu-medium-gutter tatsu-reg-cols  tatsu-clearfix tatsu-mJ6myN3vrD\" ><div  class=\"tatsu-row \" ><div  class=\"tatsu-column  tatsu-bg-overlay tatsu-one-col tatsu-column-image-none tatsu-column-effect-none  tatsu-7WpvTdqkE\"  data-parallax-speed=\"0\" style=\"\"><div class=\"tatsu-column-inner \" ><div class=\"tatsu-column-pad-wrap\"><div class=\"tatsu-column-pad\" ><div id = \"\" class=\"tatsu-code tatsu-module tatsu-IXrig_6k9   \"  ><script type=\"text\/javascript\" src=\"https:\/\/fineartamerica.com\/widgetshoppingcart\/widgetscripts.php\"><\/script><br \/>\n<iframe id=\"pixelsshoppingcartiframe\" src=\"https:\/\/fineartamerica.com\/widgetshoppingcart\/artwork.html?memberidtype=artistid&amp;memberid=610543&amp;domainid=0&amp;showheader=0&amp;height=600&amp;autoheight=true\" style=\"display: inline-block; width: 100%; height: 820px; border: none; overflow: hidden;\"><\/iframe><\/div><\/div><\/div><div class = \"tatsu-column-bg-image-wrap\"><div class = \"tatsu-column-bg-image\" ><\/div><\/div><div class=\"tatsu-overlay tatsu-column-overlay tatsu-animate-none\" ><\/div><\/div><style>.tatsu-row > .tatsu-7WpvTdqkE.tatsu-column{width: 100%;}.tatsu-7WpvTdqkE.tatsu-column > .tatsu-column-inner > .tatsu-column-overlay{mix-blend-mode: normal;}.tatsu-7WpvTdqkE > .tatsu-column-inner > .tatsu-top-divider{z-index: 9999;}.tatsu-7WpvTdqkE > .tatsu-column-inner > .tatsu-bottom-divider{z-index: 9999;}.tatsu-7WpvTdqkE > .tatsu-column-inner > .tatsu-left-divider{z-index: 9999;}.tatsu-7WpvTdqkE > .tatsu-column-inner > .tatsu-right-divider{z-index: 9999;}@media only screen and (max-width:1377px) {.tatsu-row > .tatsu-7WpvTdqkE.tatsu-column{width: 100%;}}@media only screen and (min-width:768px) and (max-width: 1024px) {.tatsu-row > .tatsu-7WpvTdqkE.tatsu-column{width: 100%;}}@media only screen and (max-width: 767px) {.tatsu-row > .tatsu-7WpvTdqkE.tatsu-column{width: 100%;}}<\/style><\/div><\/div><\/div><\/div><div class=\"tatsu-section-background-wrap\"><div class = \"tatsu-section-background\" ><\/div><\/div><div class=\"tatsu-overlay tatsu-section-overlay\"><\/div><style>.tatsu-Dro4iPDMCc .tatsu-section-pad{padding: 55px 0px 46px 0px;}.tatsu-Dro4iPDMCc .tatsu-section-offset-wrap{transform: translateY(-0px);}.tatsu-Dro4iPDMCc > .tatsu-bottom-divider{z-index: 9999;}.tatsu-Dro4iPDMCc > .tatsu-top-divider{z-index: 9999;}.tatsu-Dro4iPDMCc .tatsu-section-overlay{mix-blend-mode: normal;}<\/style><\/div>\n","protected":false},"excerpt":{"rendered":"<p><a href=\"https:\/\/clemencearesu.com\/photographie\/tableaux\/\" class=\"more-link style3-button\">Read More<\/a><\/p><a href=\"https:\/\/clemencearesu.com\/photographie\/tableaux\/\">> Lire la\nsuite<\/a>","protected":false},"author":1,"featured_media":0,"parent":0,"menu_order":0,"comment_status":"closed","ping_status":"closed","template":"","meta":{"footnotes":""},"class_list":["post-72","page","type-page","status-publish","hentry"],"yoast_head":"<!-- This site is optimized with the Yoast SEO plugin v26.0 - https:\/\/yoast.com\/wordpress\/plugins\/seo\/ -->\n<title>Tableaux - Cl\u00e9mence Aresu photographe<\/title>\n<meta name=\"description\" content=\"Tableaux, tirages photo d&#039;art, choisissez votre support pour d\u00e9corer votre int\u00e9rieur. Vous pourrez trouver des photos sur toile, bois, cadre\" \/>\n<meta name=\"robots\" content=\"index, follow, max-snippet:-1, max-image-preview:large, max-video-preview:-1\" \/>\n<link rel=\"canonical\" href=\"https:\/\/clemencearesu.com\/photographie\/tableaux\/\" \/>\n<meta property=\"og:locale\" content=\"fr_FR\" \/>\n<meta property=\"og:type\" content=\"article\" \/>\n<meta property=\"og:title\" content=\"Tableaux - Cl\u00e9mence Aresu photographe\" \/>\n<meta property=\"og:description\" content=\"Tableaux, tirages photo d&#039;art, choisissez votre support pour d\u00e9corer votre int\u00e9rieur. Vous pourrez trouver des photos sur toile, bois, cadre\" \/>\n<meta property=\"og:url\" content=\"https:\/\/clemencearesu.com\/photographie\/tableaux\/\" \/>\n<meta property=\"og:site_name\" content=\"Cl\u00e9mence Aresu photographe\" \/>\n<meta property=\"article:publisher\" content=\"https:\/\/www.facebook.com\/clemencearesu.photographe\/\" \/>\n<meta property=\"article:modified_time\" content=\"2020-12-14T16:34:15+00:00\" \/>\n<meta name=\"twitter:card\" content=\"summary_large_image\" \/>\n<meta name=\"twitter:label1\" content=\"Dur\u00e9e de lecture estim\u00e9e\" \/>\n\t<meta name=\"twitter:data1\" content=\"6 minutes\" \/>\n<script type=\"application\/ld+json\" class=\"yoast-schema-graph\">{\"@context\":\"https:\/\/schema.org\",\"@graph\":[{\"@type\":\"WebPage\",\"@id\":\"https:\/\/clemencearesu.com\/photographie\/tableaux\/\",\"url\":\"https:\/\/clemencearesu.com\/photographie\/tableaux\/\",\"name\":\"Tableaux - Cl\u00e9mence Aresu photographe\",\"isPartOf\":{\"@id\":\"https:\/\/clemencearesu.com\/photographie\/#website\"},\"datePublished\":\"2020-10-03T09:17:05+00:00\",\"dateModified\":\"2020-12-14T16:34:15+00:00\",\"description\":\"Tableaux, tirages photo d'art, choisissez votre support pour d\u00e9corer votre int\u00e9rieur. Vous pourrez trouver des photos sur toile, bois, cadre\",\"breadcrumb\":{\"@id\":\"https:\/\/clemencearesu.com\/photographie\/tableaux\/#breadcrumb\"},\"inLanguage\":\"fr-FR\",\"potentialAction\":[{\"@type\":\"ReadAction\",\"target\":[\"https:\/\/clemencearesu.com\/photographie\/tableaux\/\"]}]},{\"@type\":\"BreadcrumbList\",\"@id\":\"https:\/\/clemencearesu.com\/photographie\/tableaux\/#breadcrumb\",\"itemListElement\":[{\"@type\":\"ListItem\",\"position\":1,\"name\":\"Accueil\",\"item\":\"https:\/\/clemencearesu.com\/photographie\/\"},{\"@type\":\"ListItem\",\"position\":2,\"name\":\"Tableaux\"}]},{\"@type\":\"WebSite\",\"@id\":\"https:\/\/clemencearesu.com\/photographie\/#website\",\"url\":\"https:\/\/clemencearesu.com\/photographie\/\",\"name\":\"Cl\u00e9mence Aresu photographe\",\"description\":\"\",\"publisher\":{\"@id\":\"https:\/\/clemencearesu.com\/photographie\/#organization\"},\"potentialAction\":[{\"@type\":\"SearchAction\",\"target\":{\"@type\":\"EntryPoint\",\"urlTemplate\":\"https:\/\/clemencearesu.com\/photographie\/?s={search_term_string}\"},\"query-input\":{\"@type\":\"PropertyValueSpecification\",\"valueRequired\":true,\"valueName\":\"search_term_string\"}}],\"inLanguage\":\"fr-FR\"},{\"@type\":\"Organization\",\"@id\":\"https:\/\/clemencearesu.com\/photographie\/#organization\",\"name\":\"Cl\u00e9mence Aresu Photographie\",\"url\":\"https:\/\/clemencearesu.com\/photographie\/\",\"logo\":{\"@type\":\"ImageObject\",\"inLanguage\":\"fr-FR\",\"@id\":\"https:\/\/clemencearesu.com\/photographie\/#\/schema\/logo\/image\/\",\"url\":\"https:\/\/clemencearesu.com\/photographie\/wp-content\/uploads\/2020\/10\/logo.jpg\",\"contentUrl\":\"https:\/\/clemencearesu.com\/photographie\/wp-content\/uploads\/2020\/10\/logo.jpg\",\"width\":484,\"height\":166,\"caption\":\"Cl\u00e9mence Aresu Photographie\"},\"image\":{\"@id\":\"https:\/\/clemencearesu.com\/photographie\/#\/schema\/logo\/image\/\"},\"sameAs\":[\"https:\/\/www.facebook.com\/clemencearesu.photographe\/\",\"https:\/\/www.instagram.com\/clemencearesu_photographie\/\"]}]}<\/script>\n<!-- \/ Yoast SEO plugin. -->","yoast_head_json":{"title":"Tableaux - Cl\u00e9mence Aresu photographe","description":"Tableaux, tirages photo d'art, choisissez votre support pour d\u00e9corer votre int\u00e9rieur. Vous pourrez trouver des photos sur toile, bois, cadre","robots":{"index":"index","follow":"follow","max-snippet":"max-snippet:-1","max-image-preview":"max-image-preview:large","max-video-preview":"max-video-preview:-1"},"canonical":"https:\/\/clemencearesu.com\/photographie\/tableaux\/","og_locale":"fr_FR","og_type":"article","og_title":"Tableaux - Cl\u00e9mence Aresu photographe","og_description":"Tableaux, tirages photo d'art, choisissez votre support pour d\u00e9corer votre int\u00e9rieur. Vous pourrez trouver des photos sur toile, bois, cadre","og_url":"https:\/\/clemencearesu.com\/photographie\/tableaux\/","og_site_name":"Cl\u00e9mence Aresu photographe","article_publisher":"https:\/\/www.facebook.com\/clemencearesu.photographe\/","article_modified_time":"2020-12-14T16:34:15+00:00","twitter_card":"summary_large_image","twitter_misc":{"Dur\u00e9e de lecture estim\u00e9e":"6 minutes"},"schema":{"@context":"https:\/\/schema.org","@graph":[{"@type":"WebPage","@id":"https:\/\/clemencearesu.com\/photographie\/tableaux\/","url":"https:\/\/clemencearesu.com\/photographie\/tableaux\/","name":"Tableaux - Cl\u00e9mence Aresu photographe","isPartOf":{"@id":"https:\/\/clemencearesu.com\/photographie\/#website"},"datePublished":"2020-10-03T09:17:05+00:00","dateModified":"2020-12-14T16:34:15+00:00","description":"Tableaux, tirages photo d'art, choisissez votre support pour d\u00e9corer votre int\u00e9rieur. Vous pourrez trouver des photos sur toile, bois, cadre","breadcrumb":{"@id":"https:\/\/clemencearesu.com\/photographie\/tableaux\/#breadcrumb"},"inLanguage":"fr-FR","potentialAction":[{"@type":"ReadAction","target":["https:\/\/clemencearesu.com\/photographie\/tableaux\/"]}]},{"@type":"BreadcrumbList","@id":"https:\/\/clemencearesu.com\/photographie\/tableaux\/#breadcrumb","itemListElement":[{"@type":"ListItem","position":1,"name":"Accueil","item":"https:\/\/clemencearesu.com\/photographie\/"},{"@type":"ListItem","position":2,"name":"Tableaux"}]},{"@type":"WebSite","@id":"https:\/\/clemencearesu.com\/photographie\/#website","url":"https:\/\/clemencearesu.com\/photographie\/","name":"Cl\u00e9mence Aresu photographe","description":"","publisher":{"@id":"https:\/\/clemencearesu.com\/photographie\/#organization"},"potentialAction":[{"@type":"SearchAction","target":{"@type":"EntryPoint","urlTemplate":"https:\/\/clemencearesu.com\/photographie\/?s={search_term_string}"},"query-input":{"@type":"PropertyValueSpecification","valueRequired":true,"valueName":"search_term_string"}}],"inLanguage":"fr-FR"},{"@type":"Organization","@id":"https:\/\/clemencearesu.com\/photographie\/#organization","name":"Cl\u00e9mence Aresu Photographie","url":"https:\/\/clemencearesu.com\/photographie\/","logo":{"@type":"ImageObject","inLanguage":"fr-FR","@id":"https:\/\/clemencearesu.com\/photographie\/#\/schema\/logo\/image\/","url":"https:\/\/clemencearesu.com\/photographie\/wp-content\/uploads\/2020\/10\/logo.jpg","contentUrl":"https:\/\/clemencearesu.com\/photographie\/wp-content\/uploads\/2020\/10\/logo.jpg","width":484,"height":166,"caption":"Cl\u00e9mence Aresu Photographie"},"image":{"@id":"https:\/\/clemencearesu.com\/photographie\/#\/schema\/logo\/image\/"},"sameAs":["https:\/\/www.facebook.com\/clemencearesu.photographe\/","https:\/\/www.instagram.com\/clemencearesu_photographie\/"]}]}},"_links":{"self":[{"href":"https:\/\/clemencearesu.com\/photographie\/wp-json\/wp\/v2\/pages\/72","targetHints":{"allow":["GET"]}}],"collection":[{"href":"https:\/\/clemencearesu.com\/photographie\/wp-json\/wp\/v2\/pages"}],"about":[{"href":"https:\/\/clemencearesu.com\/photographie\/wp-json\/wp\/v2\/types\/page"}],"author":[{"embeddable":true,"href":"https:\/\/clemencearesu.com\/photographie\/wp-json\/wp\/v2\/users\/1"}],"replies":[{"embeddable":true,"href":"https:\/\/clemencearesu.com\/photographie\/wp-json\/wp\/v2\/comments?post=72"}],"version-history":[{"count":4,"href":"https:\/\/clemencearesu.com\/photographie\/wp-json\/wp\/v2\/pages\/72\/revisions"}],"predecessor-version":[{"id":526,"href":"https:\/\/clemencearesu.com\/photographie\/wp-json\/wp\/v2\/pages\/72\/revisions\/526"}],"wp:attachment":[{"href":"https:\/\/clemencearesu.com\/photographie\/wp-json\/wp\/v2\/media?parent=72"}],"curies":[{"name":"wp","href":"https:\/\/api.w.org\/{rel}","templated":true}]}}