{"id":262,"date":"2020-10-06T15:51:38","date_gmt":"2020-10-06T13:51:38","guid":{"rendered":"https:\/\/clemencearesu.com\/photographie\/?page_id=262"},"modified":"2022-05-24T15:07:54","modified_gmt":"2022-05-24T13:07:54","slug":"mentions-legales","status":"publish","type":"page","link":"https:\/\/clemencearesu.com\/photographie\/mentions-legales\/","title":{"rendered":"Mentions l\u00e9gales"},"content":{"rendered":"<div  class=\"tatsu-aF18IkuU6i tatsu-section  tatsu-bg-overlay   tatsu-clearfix\" data-title=\"\"  data-headerscheme=\"background--dark\"><div class='tatsu-section-pad clearfix' data-padding='{\"d\":\"40px 0px 65px 0px\"}' data-padding-top='40px'><div class=\"tatsu-row-wrap  tatsu-wrap tatsu-row-one-col tatsu-row-has-one-cols tatsu-medium-gutter tatsu-reg-cols  tatsu-clearfix tatsu-PcHhHqRU-n\" ><div  class=\"tatsu-row \" ><div  class=\"tatsu-column  tatsu-bg-overlay tatsu-one-col tatsu-column-image-none tatsu-column-effect-none  tatsu-6hRys-6Q9\"  data-parallax-speed=\"0\" style=\"\"><div class=\"tatsu-column-inner \" ><div class=\"tatsu-column-pad-wrap\"><div class=\"tatsu-column-pad\" ><div  class=\"tatsu-module tatsu-text-block-wrap tatsu-AcZBTTtaA  \"><div class=\"tatsu-text-inner tatsu-align-center  clearfix\" ><style>.tatsu-AcZBTTtaA.tatsu-text-block-wrap .tatsu-text-inner{width: 100%;text-align: center;}<\/style>\n<h1>Mentions l\u00e9gales<\/h1>\n<\/div><\/div><div  class=\"tatsu-module tatsu-text-block-wrap tatsu-f0GHyO9X8  \"><div class=\"tatsu-text-inner tatsu-align-center  clearfix\" ><style>.tatsu-f0GHyO9X8.tatsu-text-block-wrap .tatsu-text-inner{width: 100%;text-align: left;}<\/style>\n<p>Le site\u00a0<a href=\"https:\/\/web.archive.org\/web\/20190323044048\/https:\/\/clemencearesu.com\/graphisme\">https:\/\/clemencearesu.com\/photographie<\/a> a \u00e9t\u00e9 r\u00e9alis\u00e9 par : Cl\u00e9mence Aresu EI<\/p>\n<p>Siret : 801 516 154 00037<br \/>Soumis \u00e0 l\u2019article 293 bis du Code G\u00e9n\u00e9ral des Imp\u00f4ts (TVA non applicable)<\/p>\n<p><strong>Copyrights<\/strong><br \/>Le site www.clemencearesu.com est destin\u00e9 \u00e0 l\u2019information personnelle de ses visiteurs. Aucune exploitation commerciale, m\u00eame partielle, des donn\u00e9es qui y sont pr\u00e9sent\u00e9es ne pourra \u00eatre effectu\u00e9e sans l\u2019accord pr\u00e9alable et \u00e9crit de Cl\u00e9mence Aresu.<\/p>\n<p><strong>Droits de propri\u00e9t\u00e9 intellectuelle<\/strong><br \/>La pr\u00e9sentation et le contenu du pr\u00e9sent site constituent, ensemble, une \u0153uvre prot\u00e9g\u00e9e par les lois en vigueur sur la propri\u00e9t\u00e9 intellectuelle. L\u2019usage ou la reproduction, m\u00eame partielle, des textes, photos ou graphismes qu\u2019il contient, sont interdits sans l\u2019accord pr\u00e9alable et \u00e9crit de Cl\u00e9mence Aresu, et seraient susceptibles d\u2019en constituer la contrefa\u00e7on. De m\u00eame, toute reproduction, repr\u00e9sentation, adaptation, traduction et\/ou modification, partielle ou int\u00e9grale, ou transfert vers un autre site sont interdits.<\/p>\n<p><strong>Protection des donn\u00e9es personnelles<\/strong><br \/>Conform\u00e9ment \u00e0 l\u2019article 27 de la Loi Informatique et Libert\u00e9s du 6 janvier 1978, nous vous informons que seule Cl\u00e9mence Aresu est destinataire des r\u00e9ponses au questionnaire figurant dans le pr\u00e9sent site.<\/p>\n<p><strong>Liens<\/strong><br \/>Les sites reli\u00e9s directement ou indirectement \u00e0 ce site ne sont pas sous son contr\u00f4le. En cons\u00e9quence, l\u2019auteur n\u2019assume aucune responsabilit\u00e9 quant aux informations publi\u00e9es sur ces sites. Les liens avec des sites ext\u00e9rieurs ne sont fournis qu\u2019\u00e0 titre de commodit\u00e9 et n\u2019impliquent aucune caution quant \u00e0 leur contenu.<\/p>\n<p>\u00a0<\/p>\n<p class=\"p1\"><strong>M\u00e9diateur de la consommation :<\/strong><\/p>\n<p class=\"p1\">CM2C<br \/><span class=\"s1\">14 rue saint Jean 75017 Paris<br \/><\/span><span class=\"s1\">N\u00b0 Siret : 831 213 871 00013<br \/><\/span><span class=\"s1\">N\u00b0 de TVA : FR60831213871<br \/><\/span><span class=\"s1\">T\u00e9l : 01 89 47 00 14<br \/><\/span><span class=\"s1\">https:\/\/www.cm2c.net\/<\/span><\/p>\n<p>\u00a0<\/p>\n<p>Vous disposez d\u2019un droit d\u2019acc\u00e8s, de rectification et de suppression portant sur les donn\u00e9es vous concernant en \u00e9crivant \u00e0\u00a0<a href=\"https:\/\/clemencearesu.com\/photographie\/contact\/\">Cl\u00e9mence Aresu<\/a>.<\/p>\n<\/div><\/div><\/div><\/div><div class = \"tatsu-column-bg-image-wrap\"><div class = \"tatsu-column-bg-image\" ><\/div><\/div><div class=\"tatsu-overlay tatsu-column-overlay tatsu-animate-none\" ><\/div><\/div><style>.tatsu-row > .tatsu-6hRys-6Q9.tatsu-column{width: 100%;}.tatsu-6hRys-6Q9.tatsu-column > .tatsu-column-inner > .tatsu-column-overlay{mix-blend-mode: normal;}.tatsu-6hRys-6Q9 > .tatsu-column-inner > .tatsu-top-divider{z-index: 9999;}.tatsu-6hRys-6Q9 > .tatsu-column-inner > .tatsu-bottom-divider{z-index: 9999;}.tatsu-6hRys-6Q9 > .tatsu-column-inner > .tatsu-left-divider{z-index: 9999;}.tatsu-6hRys-6Q9 > .tatsu-column-inner > .tatsu-right-divider{z-index: 9999;}@media only screen and (max-width:1377px) {.tatsu-row > .tatsu-6hRys-6Q9.tatsu-column{width: 100%;}}@media only screen and (min-width:768px) and (max-width: 1024px) {.tatsu-row > .tatsu-6hRys-6Q9.tatsu-column{width: 100%;}}@media only screen and (max-width: 767px) {.tatsu-row > .tatsu-6hRys-6Q9.tatsu-column{width: 100%;}}<\/style><\/div><\/div><\/div><\/div><div class=\"tatsu-section-background-wrap\"><div class = \"tatsu-section-background\" ><\/div><\/div><div class=\"tatsu-overlay tatsu-section-overlay\"><\/div><style>.tatsu-aF18IkuU6i .tatsu-section-pad{padding: 40px 0px 65px 0px;}.tatsu-aF18IkuU6i .tatsu-section-offset-wrap{transform: translateY(-0px);}.tatsu-aF18IkuU6i > .tatsu-bottom-divider{z-index: 9999;}.tatsu-aF18IkuU6i > .tatsu-top-divider{z-index: 9999;}.tatsu-aF18IkuU6i .tatsu-section-overlay{mix-blend-mode: normal;}<\/style><\/div>\n","protected":false},"excerpt":{"rendered":"<p><a href=\"https:\/\/clemencearesu.com\/photographie\/mentions-legales\/\" class=\"more-link style3-button\">Read More<\/a><\/p><a href=\"https:\/\/clemencearesu.com\/photographie\/mentions-legales\/\">> Lire la\nsuite<\/a>","protected":false},"author":1,"featured_media":0,"parent":0,"menu_order":0,"comment_status":"closed","ping_status":"closed","template":"","meta":{"footnotes":""},"class_list":["post-262","page","type-page","status-publish","hentry"],"yoast_head":"<!-- This site is optimized with the Yoast SEO plugin v26.0 - https:\/\/yoast.com\/wordpress\/plugins\/seo\/ -->\n<title>Mentions l\u00e9gales - Cl\u00e9mence Aresu photographe<\/title>\n<meta name=\"robots\" content=\"noindex, follow\" \/>\n<meta property=\"og:locale\" content=\"fr_FR\" \/>\n<meta property=\"og:type\" content=\"article\" \/>\n<meta property=\"og:title\" content=\"Mentions l\u00e9gales - Cl\u00e9mence Aresu photographe\" \/>\n<meta property=\"og:url\" content=\"https:\/\/clemencearesu.com\/photographie\/mentions-legales\/\" \/>\n<meta property=\"og:site_name\" content=\"Cl\u00e9mence Aresu photographe\" \/>\n<meta property=\"article:publisher\" content=\"https:\/\/www.facebook.com\/clemencearesu.photographe\/\" \/>\n<meta property=\"article:modified_time\" content=\"2022-05-24T13:07:54+00:00\" \/>\n<meta name=\"twitter:card\" content=\"summary_large_image\" \/>\n<meta name=\"twitter:label1\" content=\"Dur\u00e9e de lecture estim\u00e9e\" \/>\n\t<meta name=\"twitter:data1\" content=\"5 minutes\" \/>\n<script type=\"application\/ld+json\" class=\"yoast-schema-graph\">{\"@context\":\"https:\/\/schema.org\",\"@graph\":[{\"@type\":\"WebPage\",\"@id\":\"https:\/\/clemencearesu.com\/photographie\/mentions-legales\/\",\"url\":\"https:\/\/clemencearesu.com\/photographie\/mentions-legales\/\",\"name\":\"Mentions l\u00e9gales - Cl\u00e9mence Aresu photographe\",\"isPartOf\":{\"@id\":\"https:\/\/clemencearesu.com\/photographie\/#website\"},\"datePublished\":\"2020-10-06T13:51:38+00:00\",\"dateModified\":\"2022-05-24T13:07:54+00:00\",\"breadcrumb\":{\"@id\":\"https:\/\/clemencearesu.com\/photographie\/mentions-legales\/#breadcrumb\"},\"inLanguage\":\"fr-FR\",\"potentialAction\":[{\"@type\":\"ReadAction\",\"target\":[\"https:\/\/clemencearesu.com\/photographie\/mentions-legales\/\"]}]},{\"@type\":\"BreadcrumbList\",\"@id\":\"https:\/\/clemencearesu.com\/photographie\/mentions-legales\/#breadcrumb\",\"itemListElement\":[{\"@type\":\"ListItem\",\"position\":1,\"name\":\"Accueil\",\"item\":\"https:\/\/clemencearesu.com\/photographie\/\"},{\"@type\":\"ListItem\",\"position\":2,\"name\":\"Mentions l\u00e9gales\"}]},{\"@type\":\"WebSite\",\"@id\":\"https:\/\/clemencearesu.com\/photographie\/#website\",\"url\":\"https:\/\/clemencearesu.com\/photographie\/\",\"name\":\"Cl\u00e9mence Aresu photographe\",\"description\":\"\",\"publisher\":{\"@id\":\"https:\/\/clemencearesu.com\/photographie\/#organization\"},\"potentialAction\":[{\"@type\":\"SearchAction\",\"target\":{\"@type\":\"EntryPoint\",\"urlTemplate\":\"https:\/\/clemencearesu.com\/photographie\/?s={search_term_string}\"},\"query-input\":{\"@type\":\"PropertyValueSpecification\",\"valueRequired\":true,\"valueName\":\"search_term_string\"}}],\"inLanguage\":\"fr-FR\"},{\"@type\":\"Organization\",\"@id\":\"https:\/\/clemencearesu.com\/photographie\/#organization\",\"name\":\"Cl\u00e9mence Aresu Photographie\",\"url\":\"https:\/\/clemencearesu.com\/photographie\/\",\"logo\":{\"@type\":\"ImageObject\",\"inLanguage\":\"fr-FR\",\"@id\":\"https:\/\/clemencearesu.com\/photographie\/#\/schema\/logo\/image\/\",\"url\":\"https:\/\/clemencearesu.com\/photographie\/wp-content\/uploads\/2020\/10\/logo.jpg\",\"contentUrl\":\"https:\/\/clemencearesu.com\/photographie\/wp-content\/uploads\/2020\/10\/logo.jpg\",\"width\":484,\"height\":166,\"caption\":\"Cl\u00e9mence Aresu Photographie\"},\"image\":{\"@id\":\"https:\/\/clemencearesu.com\/photographie\/#\/schema\/logo\/image\/\"},\"sameAs\":[\"https:\/\/www.facebook.com\/clemencearesu.photographe\/\",\"https:\/\/www.instagram.com\/clemencearesu_photographie\/\"]}]}<\/script>\n<!-- \/ Yoast SEO plugin. -->","yoast_head_json":{"title":"Mentions l\u00e9gales - Cl\u00e9mence Aresu photographe","robots":{"index":"noindex","follow":"follow"},"og_locale":"fr_FR","og_type":"article","og_title":"Mentions l\u00e9gales - Cl\u00e9mence Aresu photographe","og_url":"https:\/\/clemencearesu.com\/photographie\/mentions-legales\/","og_site_name":"Cl\u00e9mence Aresu photographe","article_publisher":"https:\/\/www.facebook.com\/clemencearesu.photographe\/","article_modified_time":"2022-05-24T13:07:54+00:00","twitter_card":"summary_large_image","twitter_misc":{"Dur\u00e9e de lecture estim\u00e9e":"5 minutes"},"schema":{"@context":"https:\/\/schema.org","@graph":[{"@type":"WebPage","@id":"https:\/\/clemencearesu.com\/photographie\/mentions-legales\/","url":"https:\/\/clemencearesu.com\/photographie\/mentions-legales\/","name":"Mentions l\u00e9gales - Cl\u00e9mence Aresu photographe","isPartOf":{"@id":"https:\/\/clemencearesu.com\/photographie\/#website"},"datePublished":"2020-10-06T13:51:38+00:00","dateModified":"2022-05-24T13:07:54+00:00","breadcrumb":{"@id":"https:\/\/clemencearesu.com\/photographie\/mentions-legales\/#breadcrumb"},"inLanguage":"fr-FR","potentialAction":[{"@type":"ReadAction","target":["https:\/\/clemencearesu.com\/photographie\/mentions-legales\/"]}]},{"@type":"BreadcrumbList","@id":"https:\/\/clemencearesu.com\/photographie\/mentions-legales\/#breadcrumb","itemListElement":[{"@type":"ListItem","position":1,"name":"Accueil","item":"https:\/\/clemencearesu.com\/photographie\/"},{"@type":"ListItem","position":2,"name":"Mentions l\u00e9gales"}]},{"@type":"WebSite","@id":"https:\/\/clemencearesu.com\/photographie\/#website","url":"https:\/\/clemencearesu.com\/photographie\/","name":"Cl\u00e9mence Aresu photographe","description":"","publisher":{"@id":"https:\/\/clemencearesu.com\/photographie\/#organization"},"potentialAction":[{"@type":"SearchAction","target":{"@type":"EntryPoint","urlTemplate":"https:\/\/clemencearesu.com\/photographie\/?s={search_term_string}"},"query-input":{"@type":"PropertyValueSpecification","valueRequired":true,"valueName":"search_term_string"}}],"inLanguage":"fr-FR"},{"@type":"Organization","@id":"https:\/\/clemencearesu.com\/photographie\/#organization","name":"Cl\u00e9mence Aresu Photographie","url":"https:\/\/clemencearesu.com\/photographie\/","logo":{"@type":"ImageObject","inLanguage":"fr-FR","@id":"https:\/\/clemencearesu.com\/photographie\/#\/schema\/logo\/image\/","url":"https:\/\/clemencearesu.com\/photographie\/wp-content\/uploads\/2020\/10\/logo.jpg","contentUrl":"https:\/\/clemencearesu.com\/photographie\/wp-content\/uploads\/2020\/10\/logo.jpg","width":484,"height":166,"caption":"Cl\u00e9mence Aresu Photographie"},"image":{"@id":"https:\/\/clemencearesu.com\/photographie\/#\/schema\/logo\/image\/"},"sameAs":["https:\/\/www.facebook.com\/clemencearesu.photographe\/","https:\/\/www.instagram.com\/clemencearesu_photographie\/"]}]}},"_links":{"self":[{"href":"https:\/\/clemencearesu.com\/photographie\/wp-json\/wp\/v2\/pages\/262","targetHints":{"allow":["GET"]}}],"collection":[{"href":"https:\/\/clemencearesu.com\/photographie\/wp-json\/wp\/v2\/pages"}],"about":[{"href":"https:\/\/clemencearesu.com\/photographie\/wp-json\/wp\/v2\/types\/page"}],"author":[{"embeddable":true,"href":"https:\/\/clemencearesu.com\/photographie\/wp-json\/wp\/v2\/users\/1"}],"replies":[{"embeddable":true,"href":"https:\/\/clemencearesu.com\/photographie\/wp-json\/wp\/v2\/comments?post=262"}],"version-history":[{"count":5,"href":"https:\/\/clemencearesu.com\/photographie\/wp-json\/wp\/v2\/pages\/262\/revisions"}],"predecessor-version":[{"id":556,"href":"https:\/\/clemencearesu.com\/photographie\/wp-json\/wp\/v2\/pages\/262\/revisions\/556"}],"wp:attachment":[{"href":"https:\/\/clemencearesu.com\/photographie\/wp-json\/wp\/v2\/media?parent=262"}],"curies":[{"name":"wp","href":"https:\/\/api.w.org\/{rel}","templated":true}]}}