{"id":580,"date":"2014-03-17T09:19:09","date_gmt":"2014-03-17T08:19:09","guid":{"rendered":"https:\/\/clemencearesu.com\/graphisme\/?page_id=580"},"modified":"2023-10-24T15:13:56","modified_gmt":"2023-10-24T13:13:56","slug":"mentions-legales","status":"publish","type":"page","link":"https:\/\/clemencearesu.com\/graphisme\/mentions-legales\/","title":{"rendered":"Mentions l\u00e9gales"},"content":{"rendered":"<div  class=\"tatsu-gf3one090u261608 tatsu-section  tatsu-bg-overlay   tatsu-clearfix\" data-title=\"\"  data-headerscheme=\"background--dark\"><div class='tatsu-section-pad clearfix' data-padding='{\"d\":\"90px 0px 90px 0px\"}' data-padding-top='90px'><div class=\"tatsu-row-wrap  tatsu-wrap tatsu-row-one-col tatsu-row-has-one-cols tatsu-medium-gutter tatsu-reg-cols  tatsu-clearfix tatsu-gf3one092bczcd2\" ><div  class=\"tatsu-row \" ><div  class=\"tatsu-column  tatsu-bg-overlay tatsu-one-col tatsu-column-image-none tatsu-column-effect-none  tatsu-gf3one093pdbts2n\"  data-parallax-speed=\"0\" style=\"\"><div class=\"tatsu-column-inner \" ><div class=\"tatsu-column-pad-wrap\"><div class=\"tatsu-column-pad\" ><div  class=\"tatsu-module tatsu-text-block-wrap tatsu-gf3one09503t3ntl  \"><div class=\"tatsu-text-inner tatsu-align-center  clearfix\" ><style>.tatsu-gf3one09503t3ntl.tatsu-text-block-wrap .tatsu-text-inner{width: 100%;text-align: left;}<\/style>\n<p>Le site <a href=\"https:\/\/clemencearesu.com\/graphisme\">https:\/\/clemencearesu.com\/graphisme<\/a> a \u00e9t\u00e9 r\u00e9alis\u00e9 par :<br \/>Cl\u00e9mence Aresu EI<br \/>Siret : 801 516 154 00037 | APE : 7420Z\u00a0<\/p>\n<h3>Copyrights<\/h3>\n<p>Le site www.clemencearesu.com est destin\u00e9 \u00e0 l\u2019information personnelle de ses visiteurs. Aucune exploitation commerciale, m\u00eame partielle, des donn\u00e9es qui y sont pr\u00e9sent\u00e9es ne pourra \u00eatre effectu\u00e9e sans l\u2019accord pr\u00e9alable et \u00e9crit de Cl\u00e9mence Aresu.<\/p>\n<h3>Droits de propri\u00e9t\u00e9 intellectuelle<\/h3>\n<p>La pr\u00e9sentation et le contenu du pr\u00e9sent site constituent, ensemble, une \u0153uvre prot\u00e9g\u00e9e par les lois en vigueur sur la propri\u00e9t\u00e9 intellectuelle. L\u2019usage ou la reproduction, m\u00eame partielle, des textes, photos ou graphismes qu\u2019il contient, sont interdits sans l\u2019accord pr\u00e9alable et \u00e9crit de Cl\u00e9mence Aresu, et seraient susceptibles d\u2019en constituer la contrefa\u00e7on. De m\u00eame, toute reproduction, repr\u00e9sentation, adaptation, traduction et\/ou modification, partielle ou int\u00e9grale, ou transfert vers un autre site sont interdits.<\/p>\n<h3>Protection des donn\u00e9es personnelles<\/h3>\n<p>Conform\u00e9ment \u00e0 l\u2019article 27 de la Loi Informatique et Libert\u00e9s du 6 janvier 1978, nous vous informons que seule Cl\u00e9mence Aresu est destinataire des r\u00e9ponses au questionnaire figurant dans le pr\u00e9sent site.<\/p>\n<h3>Liens<\/h3>\n<p>Les sites reli\u00e9s directement ou indirectement \u00e0 ce site ne sont pas sous son contr\u00f4le. En cons\u00e9quence, l\u2019auteur n\u2019assume aucune responsabilit\u00e9 quant aux informations publi\u00e9es sur ces sites. Les liens avec des sites ext\u00e9rieurs ne sont fournis qu\u2019\u00e0 titre de commodit\u00e9 et n\u2019impliquent aucune caution quant \u00e0 leur contenu.<\/p>\n<h3 class=\"p1\">M\u00e9diateur de la consommation :<\/h3>\n<p class=\"p1\">CM2C<br \/><span class=\"s1\">14 rue saint Jean 75017 Paris<br \/><\/span><span class=\"s1\">N\u00b0 Siret : 831 213 871 00013<br \/><\/span><span class=\"s1\">N\u00b0 de TVA : FR60831213871<br \/><\/span><span class=\"s1\">T\u00e9l : 01 89 47 00 14<br \/><\/span><span class=\"s1\">https:\/\/www.cm2c.net\/<\/span><\/p>\n<p>Vous disposez d\u2019un droit d\u2019acc\u00e8s, de rectification et de suppression portant sur les donn\u00e9es vous concernant en \u00e9crivant \u00e0 <a title=\"Contact\" href=\"https:\/\/clemencearesu.com\/graphisme\/contact\/\">Cl\u00e9mence Aresu<\/a><\/p>\n<\/div><\/div><\/div><\/div><div class = \"tatsu-column-bg-image-wrap\"><div class = \"tatsu-column-bg-image\" ><\/div><\/div><div class=\"tatsu-overlay tatsu-column-overlay tatsu-animate-none\" ><\/div><\/div><style>.tatsu-row > .tatsu-gf3one093pdbts2n.tatsu-column{width: 100%;}.tatsu-gf3one093pdbts2n.tatsu-column > .tatsu-column-inner > .tatsu-column-overlay{mix-blend-mode: normal;}.tatsu-gf3one093pdbts2n > .tatsu-column-inner > .tatsu-top-divider{z-index: 9999;}.tatsu-gf3one093pdbts2n > .tatsu-column-inner > .tatsu-bottom-divider{z-index: 9999;}.tatsu-gf3one093pdbts2n > .tatsu-column-inner > .tatsu-left-divider{z-index: 9999;}.tatsu-gf3one093pdbts2n > .tatsu-column-inner > .tatsu-right-divider{z-index: 9999;}<\/style><\/div><\/div><\/div><\/div><div class=\"tatsu-section-background-wrap\"><div class = \"tatsu-section-background\" ><\/div><\/div><div class=\"tatsu-overlay tatsu-section-overlay\"><\/div><style>.tatsu-gf3one090u261608 .tatsu-section-pad{padding: 90px 0px 90px 0px;}.tatsu-gf3one090u261608 > .tatsu-bottom-divider{z-index: 9999;}.tatsu-gf3one090u261608 > .tatsu-top-divider{z-index: 9999;}.tatsu-gf3one090u261608 .tatsu-section-overlay{mix-blend-mode: normal;}<\/style><\/div>\n","protected":false},"excerpt":{"rendered":"<p><a href=\"https:\/\/clemencearesu.com\/graphisme\/mentions-legales\/\" class=\"more-link style1-button\">Read More<\/a><\/p>","protected":false},"author":116611,"featured_media":0,"parent":0,"menu_order":0,"comment_status":"open","ping_status":"open","template":"","meta":{"footnotes":""},"class_list":["post-580","page","type-page","status-publish","hentry"],"_links":{"self":[{"href":"https:\/\/clemencearesu.com\/graphisme\/wp-json\/wp\/v2\/pages\/580","targetHints":{"allow":["GET"]}}],"collection":[{"href":"https:\/\/clemencearesu.com\/graphisme\/wp-json\/wp\/v2\/pages"}],"about":[{"href":"https:\/\/clemencearesu.com\/graphisme\/wp-json\/wp\/v2\/types\/page"}],"author":[{"embeddable":true,"href":"https:\/\/clemencearesu.com\/graphisme\/wp-json\/wp\/v2\/users\/116611"}],"replies":[{"embeddable":true,"href":"https:\/\/clemencearesu.com\/graphisme\/wp-json\/wp\/v2\/comments?post=580"}],"version-history":[{"count":5,"href":"https:\/\/clemencearesu.com\/graphisme\/wp-json\/wp\/v2\/pages\/580\/revisions"}],"predecessor-version":[{"id":2411,"href":"https:\/\/clemencearesu.com\/graphisme\/wp-json\/wp\/v2\/pages\/580\/revisions\/2411"}],"wp:attachment":[{"href":"https:\/\/clemencearesu.com\/graphisme\/wp-json\/wp\/v2\/media?parent=580"}],"curies":[{"name":"wp","href":"https:\/\/api.w.org\/{rel}","templated":true}]}}